{"id":1371,"date":"2019-05-07T14:46:11","date_gmt":"2019-05-07T14:46:11","guid":{"rendered":"https:\/\/www.lapalma6.com\/?page_id=1371"},"modified":"2025-02-12T23:16:06","modified_gmt":"2025-02-12T23:16:06","slug":"el-estudio","status":"publish","type":"page","link":"https:\/\/www.lapalma6.com\/ca\/el-estudio\/","title":{"rendered":"EL ESTUDIO"},"content":{"rendered":"<div data-elementor-type=\"wp-page\" data-elementor-id=\"1371\" class=\"elementor elementor-1371\" data-elementor-post-type=\"page\">\n\t\t\t\t<div class=\"elementor-element elementor-element-32e395c6 e-con-full e-flex e-con e-parent\" data-id=\"32e395c6\" data-element_type=\"container\" data-e-type=\"container\" data-settings=\"{&quot;background_background&quot;:&quot;classic&quot;}\">\n\t\t\t\t<div class=\"elementor-element elementor-element-6ed0b87 elementor-widget elementor-widget-spacer\" data-id=\"6ed0b87\" data-element_type=\"widget\" data-e-type=\"widget\" data-widget_type=\"spacer.default\">\n\t\t\t\t<div class=\"elementor-widget-container\">\n\t\t\t\t\t\t\t<div class=\"elementor-spacer\">\n\t\t\t<div class=\"elementor-spacer-inner\"><\/div>\n\t\t<\/div>\n\t\t\t\t\t\t<\/div>\n\t\t\t\t<\/div>\n\t\t<div class=\"elementor-element elementor-element-65f9c38f e-flex e-con-boxed e-con e-child\" data-id=\"65f9c38f\" data-element_type=\"container\" data-e-type=\"container\">\n\t\t\t\t\t<div class=\"e-con-inner\">\n\t\t\t\t<div class=\"elementor-element elementor-element-1f65213f elementor-widget elementor-widget-heading\" data-id=\"1f65213f\" data-element_type=\"widget\" data-e-type=\"widget\" data-widget_type=\"heading.default\">\n\t\t\t\t<div class=\"elementor-widget-container\">\n\t\t\t\t\t<h2 class=\"elementor-heading-title elementor-size-default\">BIENVENIDOS A MI ESTUDIO<\/h2>\t\t\t\t<\/div>\n\t\t\t\t<\/div>\n\t\t\t\t<div class=\"elementor-element elementor-element-57be155b elementor-widget__width-initial elementor-widget elementor-widget-heading\" data-id=\"57be155b\" data-element_type=\"widget\" data-e-type=\"widget\" data-widget_type=\"heading.default\">\n\t\t\t\t<div class=\"elementor-widget-container\">\n\t\t\t\t\t<h3 class=\"elementor-heading-title elementor-size-default\">El estudio de La Palma 6 est\u00e1 situado en el centro de Lleida, a 2 min. andando del Zara y con la opci\u00f3n de aparcar en el parking de Blondel o en el parking de la cl\u00ednica Montserrat, ambos a 2-4 minutos andando hasta el estudio.\n<\/h3>\t\t\t\t<\/div>\n\t\t\t\t<\/div>\n\t\t<div class=\"elementor-element elementor-element-22c92f6 e-con-full e-flex e-con e-child\" data-id=\"22c92f6\" data-element_type=\"container\" data-e-type=\"container\">\n\t\t\t\t<div class=\"elementor-element elementor-element-264982b elementor-widget elementor-widget-google_maps\" data-id=\"264982b\" data-element_type=\"widget\" data-e-type=\"widget\" data-widget_type=\"google_maps.default\">\n\t\t\t\t<div class=\"elementor-widget-container\">\n\t\t\t\t\t\t\t<div class=\"elementor-custom-embed\">\n\t\t\t<iframe loading=\"lazy\"\n\t\t\t\t\tsrc=\"https:\/\/maps.google.com\/maps?q=la%20palma%206%20lleida&#038;t=m&#038;z=15&#038;output=embed&#038;iwloc=near\"\n\t\t\t\t\ttitle=\"la palma 6 lleida\"\n\t\t\t\t\taria-label=\"la palma 6 lleida\"\n\t\t\t><\/iframe>\n\t\t<\/div>\n\t\t\t\t\t\t<\/div>\n\t\t\t\t<\/div>\n\t\t\t\t<\/div>\n\t\t\t\t\t<\/div>\n\t\t\t\t<\/div>\n\t\t<div class=\"elementor-element elementor-element-62aad365 e-con-full e-flex e-con e-child\" data-id=\"62aad365\" data-element_type=\"container\" data-e-type=\"container\">\n\t\t<div class=\"elementor-element elementor-element-6f56206f e-con-full e-flex e-con e-child\" data-id=\"6f56206f\" data-element_type=\"container\" data-e-type=\"container\">\n\t\t\t\t<div class=\"elementor-element elementor-element-42a4fcdd elementor-view-default elementor-position-block-start elementor-mobile-position-block-start elementor-widget elementor-widget-icon-box\" data-id=\"42a4fcdd\" data-element_type=\"widget\" data-e-type=\"widget\" data-widget_type=\"icon-box.default\">\n\t\t\t\t<div class=\"elementor-widget-container\">\n\t\t\t\t\t\t\t<div class=\"elementor-icon-box-wrapper\">\n\n\t\t\t\t\t\t<div class=\"elementor-icon-box-icon\">\n\t\t\t\t<span  class=\"elementor-icon\">\n\t\t\t\t<svg xmlns=\"http:\/\/www.w3.org\/2000\/svg\" id=\"a\" width=\"39\" height=\"27.0005\" viewbox=\"0 0 39 27.0005\"><path d=\"M37,0H2C.897,0,0,.897,0,2V25.0005c0,1.1025,.897,2,2,2H37c1.1025,0,2-.8975,2-2V2c0-1.103-.8975-2-2-2Zm-2.2363,2l-15.2637,9.3281L4.2363,2h30.5275ZM2,25.0005l-.0014-22.0236L18.9785,13.3535c.1602,.0977,.3408,.1465,.5215,.1465s.3613-.0488,.5215-.1465L37,2.9778V25.0005H2Z\"><\/path><path d=\"M18.5,19.7505H6c-.4141,0-.75,.3359-.75,.75s.3359,.75,.75,.75h12.5c.4141,0,.75-.3359,.75-.75s-.3359-.75-.75-.75Z\"><\/path><path d=\"M6,17.7505h6c.4141,0,.75-.3359,.75-.75s-.3359-.75-.75-.75H6c-.4141,0-.75,.3359-.75,.75s.3359,.75,.75,.75Z\"><\/path><\/svg>\t\t\t\t<\/span>\n\t\t\t<\/div>\n\t\t\t\n\t\t\t\t\t\t<div class=\"elementor-icon-box-content\">\n\n\t\t\t\t\t\t\t\t\t<h4 class=\"elementor-icon-box-title\">\n\t\t\t\t\t\t<span  >\n\t\t\t\t\t\t\tCORREO\t\t\t\t\t\t<\/span>\n\t\t\t\t\t<\/h4>\n\t\t\t\t\n\t\t\t\t\t\t\t\t\t<p class=\"elementor-icon-box-description\">\n\t\t\t\t\t\tinfo@lapalma6.com\t\t\t\t\t<\/p>\n\t\t\t\t\n\t\t\t<\/div>\n\t\t\t\n\t\t<\/div>\n\t\t\t\t\t\t<\/div>\n\t\t\t\t<\/div>\n\t\t\t\t<\/div>\n\t\t<div class=\"elementor-element elementor-element-54961266 e-con-full e-flex e-con e-child\" data-id=\"54961266\" data-element_type=\"container\" data-e-type=\"container\">\n\t\t\t\t<div class=\"elementor-element elementor-element-2681e2c8 elementor-view-default elementor-position-block-start elementor-mobile-position-block-start elementor-widget elementor-widget-icon-box\" data-id=\"2681e2c8\" data-element_type=\"widget\" data-e-type=\"widget\" data-widget_type=\"icon-box.default\">\n\t\t\t\t<div class=\"elementor-widget-container\">\n\t\t\t\t\t\t\t<div class=\"elementor-icon-box-wrapper\">\n\n\t\t\t\t\t\t<div class=\"elementor-icon-box-icon\">\n\t\t\t\t<span  class=\"elementor-icon\">\n\t\t\t\t<svg xmlns=\"http:\/\/www.w3.org\/2000\/svg\" id=\"a\" width=\"35\" height=\"35\" viewbox=\"0 0 35 35\"><path d=\"M33.7872,25.1837l-4.3237-4.3201c-.764-.7919-1.6854-1.2153-2.662-1.2153-.9687,0-1.898,.4155-2.6934,1.2074l-2.4887,2.4698c-.2048-.1098-.4095-.2117-.6064-.3136-.2836-.1412-.5513-.2744-.7797-.4156-2.3312-1.474-4.4496-3.3949-6.4816-5.8803-.9845-1.2388-1.646-2.2816-2.1264-3.3401,.6458-.588,1.2443-1.1996,1.8271-1.7877,.2205-.2195,.441-.4469,.6616-.6664,1.6538-1.6465,1.6538-3.7791,0-5.4257l-2.1501-2.1404c-.2441-.243-.4962-.494-.7324-.7448-.4725-.4861-.9687-.9879-1.4807-1.4584-.7639-.7527-1.6775-1.1525-2.6383-1.1525s-1.8901,.3998-2.6777,1.1525l-.0157,.0157L1.7414,3.8575C.7333,4.8611,.1584,6.0842,.0324,7.5034c-.189,2.2894,.4883,4.4221,1.0081,5.8176,1.2759,3.4263,3.1818,6.6017,6.0248,10.0045,3.4495,4.1006,7.5999,7.3387,12.341,9.6203,1.8114,.8546,4.2292,1.866,6.9306,2.0385,.1653,.0079,.3386,.0157,.4961,.0157,1.8193,0,3.3471-.6508,4.5442-1.9444,.0079-.0157,.0237-.0236,.0315-.0392,.4096-.494,.8821-.9409,1.3783-1.4192,.3386-.3214,.6851-.6586,1.0238-1.0114,.7797-.8076,1.1892-1.7484,1.1892-2.7128,0-.9722-.4174-1.9053-1.2128-2.6893Zm-1.5043,3.9359c-.3071,.3293-.6221,.6273-.9608,.9566-.5119,.4861-1.0317,.9957-1.52,1.5681-.7954,.8467-1.7326,1.2466-2.9612,1.2466-.1181,0-.2441,0-.3623-.0078-2.339-.149-4.5127-1.0585-6.1429-1.8347-4.4576-2.1483-8.3718-5.1983-11.6244-9.0636-2.6855-3.2225-4.4812-6.2019-5.6704-9.4008-.7324-1.9523-1.0002-3.4733-.8821-4.9081,.0787-.9174,.4332-1.6779,1.0869-2.3286l2.6855-2.6736c.3859-.3607,.7954-.5566,1.1971-.5566,.4962,0,.8978,.2979,1.1498,.5488l.0236,.0235c.4804,.4469,.9372,.9095,1.4176,1.4034,.2441,.2509,.4962,.5018,.7482,.7606l2.15,2.1404c.8348,.8311,.8348,1.5995,0,2.4305-.2284,.2274-.4489,.4548-.6773,.6743-.6616,.6742-1.2916,1.3015-1.9768,1.913-.0157,.0157-.0315,.0236-.0394,.0393-.6773,.6742-.5513,1.3328-.4095,1.7797l.0237,.0706c.5591,1.3486,1.3467,2.6187,2.5438,4.132l.0078,.0078c2.1737,2.6658,4.4655,4.7435,6.9935,6.3351,.3229,.2039,.6537,.3685,.9688,.5253,.2836,.1412,.5513,.2745,.7797,.4156,.0315,.0157,.063,.0392,.0945,.0549,.2678,.1333,.5198,.196,.7797,.196,.6537,0,1.0632-.4077,1.1971-.541l2.6935-2.6815c.2677-.2665,.693-.588,1.1892-.588,.4883,0,.8899,.3058,1.134,.5724l.0158,.0156,4.3394,4.3201c.8112,.7998,.8112,1.623,.0079,2.4541Z\"><\/path><\/svg>\t\t\t\t<\/span>\n\t\t\t<\/div>\n\t\t\t\n\t\t\t\t\t\t<div class=\"elementor-icon-box-content\">\n\n\t\t\t\t\t\t\t\t\t<h4 class=\"elementor-icon-box-title\">\n\t\t\t\t\t\t<span  >\n\t\t\t\t\t\t\tTEL\u00c9FONO\t\t\t\t\t\t<\/span>\n\t\t\t\t\t<\/h4>\n\t\t\t\t\n\t\t\t\t\t\t\t\t\t<p class=\"elementor-icon-box-description\">\n\t\t\t\t\t\t611684022\t\t\t\t\t<\/p>\n\t\t\t\t\n\t\t\t<\/div>\n\t\t\t\n\t\t<\/div>\n\t\t\t\t\t\t<\/div>\n\t\t\t\t<\/div>\n\t\t\t\t<\/div>\n\t\t<div class=\"elementor-element elementor-element-44563d27 e-con-full e-flex e-con e-child\" data-id=\"44563d27\" data-element_type=\"container\" data-e-type=\"container\">\n\t\t\t\t<div class=\"elementor-element elementor-element-69d2c1be elementor-view-default elementor-position-block-start elementor-mobile-position-block-start elementor-widget elementor-widget-icon-box\" data-id=\"69d2c1be\" data-element_type=\"widget\" data-e-type=\"widget\" data-widget_type=\"icon-box.default\">\n\t\t\t\t<div class=\"elementor-widget-container\">\n\t\t\t\t\t\t\t<div class=\"elementor-icon-box-wrapper\">\n\n\t\t\t\t\t\t<div class=\"elementor-icon-box-icon\">\n\t\t\t\t<span  class=\"elementor-icon\">\n\t\t\t\t<svg xmlns=\"http:\/\/www.w3.org\/2000\/svg\" id=\"a\" width=\"28\" height=\"38.0327\" viewbox=\"0 0 28 38.0327\"><path d=\"M21,28.4155c2.0312-2.7803,3.6514-5.3223,4.8125-7.5552,1.4512-2.7891,2.1875-5.0972,2.1875-6.8604C28,6.2803,21.7197,0,14,0S0,6.2803,0,14c0,1.7646,.7358,4.0728,2.1875,6.8604,1.1597,2.229,2.7788,4.771,4.8125,7.5552,1.4473,1.9824,3.0664,4.0361,4.8125,6.1045,.5139,.6098,.9463,1.1093,1.2993,1.5127H4.0645c-.5522,0-1,.4473-1,1s.4478,1,1,1H23.4834c.5527,0,1-.4473,1-1s-.4473-1-1-1H14.8882c.353-.4036,.7853-.9036,1.2983-1.5117,1.1973-1.418,3.0039-3.6279,4.8135-6.1055Zm-12.3848-1.1797c-1.9746-2.7031-3.54-5.1582-4.6533-7.2988-1.2837-2.4648-1.9619-4.5176-1.9619-5.937C2,7.3833,7.3833,2,14,2s12,5.3833,12,12c0,1.418-.6777,3.4712-1.9609,5.9375-1.1162,2.1431-2.6816,4.5981-4.6543,7.2983-1.7754,2.4307-3.5498,4.6016-4.7266,5.9951-.2344,.2783-.4546,.5371-.6582,.7734-.2036-.2373-.4243-.4951-.6592-.7734-1.7158-2.0332-3.3057-4.0498-4.7256-5.9951Z\"><\/path><path d=\"M20.7744,13.0972c0-3.7354-3.0391-6.7744-6.7744-6.7744s-6.7744,3.0391-6.7744,6.7744,3.0391,6.7739,6.7744,6.7739,6.7744-3.0386,6.7744-6.7739Zm-11.5488,0c0-2.6328,2.1416-4.7744,4.7744-4.7744s4.7744,2.1416,4.7744,4.7744-2.1416,4.7739-4.7744,4.7739-4.7744-2.1416-4.7744-4.7739Z\"><\/path><\/svg>\t\t\t\t<\/span>\n\t\t\t<\/div>\n\t\t\t\n\t\t\t\t\t\t<div class=\"elementor-icon-box-content\">\n\n\t\t\t\t\t\t\t\t\t<h4 class=\"elementor-icon-box-title\">\n\t\t\t\t\t\t<span  >\n\t\t\t\t\t\t\tDIRECCI\u00d3N\t\t\t\t\t\t<\/span>\n\t\t\t\t\t<\/h4>\n\t\t\t\t\n\t\t\t\t\t\t\t\t\t<p class=\"elementor-icon-box-description\">\n\t\t\t\t\t\tCarrer La Palma 6, Segon - Oficina 4\nLleida (Lleida)\t\t\t\t\t<\/p>\n\t\t\t\t\n\t\t\t<\/div>\n\t\t\t\n\t\t<\/div>\n\t\t\t\t\t\t<\/div>\n\t\t\t\t<\/div>\n\t\t\t\t<\/div>\n\t\t\t\t<\/div>\n\t\t\t\t<\/div>\n\t\t\t\t<\/div>","protected":false},"excerpt":{"rendered":"<p>BIENVENIDOS A MI ESTUDIO El estudio de La Palma 6 est\u00e1 situado en el centro de Lleida, a 2 min. andando del Zara y con la opci\u00f3n de aparcar en el parking de Blondel o en el parking de la cl\u00ednica Montserrat, ambos a 2-4 minutos andando hasta el estudio. CORREO info@lapalma6.com TEL\u00c9FONO 611684022 DIRECCI\u00d3N [&hellip;]<\/p>\n","protected":false},"author":1,"featured_media":0,"parent":0,"menu_order":0,"comment_status":"closed","ping_status":"closed","template":"","meta":{"footnotes":""},"class_list":["post-1371","page","type-page","status-publish","hentry"],"yoast_head":"<!-- This site is optimized with the Yoast SEO plugin v27.5 - https:\/\/yoast.com\/product\/yoast-seo-wordpress\/ -->\n<title>EL ESTUDIO - La Palma 6<\/title>\n<meta name=\"robots\" content=\"index, follow, max-snippet:-1, max-image-preview:large, max-video-preview:-1\" \/>\n<link rel=\"canonical\" href=\"https:\/\/www.lapalma6.com\/ca\/el-estudio\/\" \/>\n<meta property=\"og:locale\" content=\"ca_ES\" \/>\n<meta property=\"og:type\" content=\"article\" \/>\n<meta property=\"og:title\" content=\"EL ESTUDIO - La Palma 6\" \/>\n<meta property=\"og:description\" content=\"BIENVENIDOS A MI ESTUDIO El estudio de La Palma 6 est\u00e1 situado en el centro de Lleida, a 2 min. andando del Zara y con la opci\u00f3n de aparcar en el parking de Blondel o en el parking de la cl\u00ednica Montserrat, ambos a 2-4 minutos andando hasta el estudio. CORREO info@lapalma6.com TEL\u00c9FONO 611684022 DIRECCI\u00d3N [&hellip;]\" \/>\n<meta property=\"og:url\" content=\"https:\/\/www.lapalma6.com\/ca\/el-estudio\/\" \/>\n<meta property=\"og:site_name\" content=\"La Palma 6\" \/>\n<meta property=\"article:modified_time\" content=\"2025-02-12T23:16:06+00:00\" \/>\n<meta name=\"twitter:card\" content=\"summary_large_image\" \/>\n<meta name=\"twitter:label1\" content=\"Est. reading time\" \/>\n\t<meta name=\"twitter:data1\" content=\"1 minut\" \/>\n<script type=\"application\/ld+json\" class=\"yoast-schema-graph\">{\"@context\":\"https:\\\/\\\/schema.org\",\"@graph\":[{\"@type\":\"WebPage\",\"@id\":\"https:\\\/\\\/www.lapalma6.com\\\/el-estudio\\\/\",\"url\":\"https:\\\/\\\/www.lapalma6.com\\\/el-estudio\\\/\",\"name\":\"EL ESTUDIO - La Palma 6\",\"isPartOf\":{\"@id\":\"https:\\\/\\\/www.lapalma6.com\\\/#website\"},\"datePublished\":\"2019-05-07T14:46:11+00:00\",\"dateModified\":\"2025-02-12T23:16:06+00:00\",\"breadcrumb\":{\"@id\":\"https:\\\/\\\/www.lapalma6.com\\\/el-estudio\\\/#breadcrumb\"},\"inLanguage\":\"ca\",\"potentialAction\":[{\"@type\":\"ReadAction\",\"target\":[\"https:\\\/\\\/www.lapalma6.com\\\/el-estudio\\\/\"]}]},{\"@type\":\"BreadcrumbList\",\"@id\":\"https:\\\/\\\/www.lapalma6.com\\\/el-estudio\\\/#breadcrumb\",\"itemListElement\":[{\"@type\":\"ListItem\",\"position\":1,\"name\":\"Portada\",\"item\":\"https:\\\/\\\/www.lapalma6.com\\\/\"},{\"@type\":\"ListItem\",\"position\":2,\"name\":\"EL ESTUDIO\"}]},{\"@type\":\"WebSite\",\"@id\":\"https:\\\/\\\/www.lapalma6.com\\\/#website\",\"url\":\"https:\\\/\\\/www.lapalma6.com\\\/\",\"name\":\"La Palma 6\",\"description\":\"Fotograf&iacute;a de beb&eacute;s y familia en Lleida\",\"publisher\":{\"@id\":\"https:\\\/\\\/www.lapalma6.com\\\/#organization\"},\"potentialAction\":[{\"@type\":\"SearchAction\",\"target\":{\"@type\":\"EntryPoint\",\"urlTemplate\":\"https:\\\/\\\/www.lapalma6.com\\\/?s={search_term_string}\"},\"query-input\":{\"@type\":\"PropertyValueSpecification\",\"valueRequired\":true,\"valueName\":\"search_term_string\"}}],\"inLanguage\":\"ca\"},{\"@type\":\"Organization\",\"@id\":\"https:\\\/\\\/www.lapalma6.com\\\/#organization\",\"name\":\"La Palma 6\",\"url\":\"https:\\\/\\\/www.lapalma6.com\\\/\",\"logo\":{\"@type\":\"ImageObject\",\"inLanguage\":\"ca\",\"@id\":\"https:\\\/\\\/www.lapalma6.com\\\/#\\\/schema\\\/logo\\\/image\\\/\",\"url\":\"https:\\\/\\\/www.lapalma6.com\\\/wp-content\\\/uploads\\\/2019\\\/07\\\/veefqvfev.png\",\"contentUrl\":\"https:\\\/\\\/www.lapalma6.com\\\/wp-content\\\/uploads\\\/2019\\\/07\\\/veefqvfev.png\",\"width\":1000,\"height\":1000,\"caption\":\"La Palma 6 \"},\"image\":{\"@id\":\"https:\\\/\\\/www.lapalma6.com\\\/#\\\/schema\\\/logo\\\/image\\\/\"}}]}<\/script>\n<!-- \/ Yoast SEO plugin. -->","yoast_head_json":{"title":"EL ESTUDIO - La Palma 6","robots":{"index":"index","follow":"follow","max-snippet":"max-snippet:-1","max-image-preview":"max-image-preview:large","max-video-preview":"max-video-preview:-1"},"canonical":"https:\/\/www.lapalma6.com\/ca\/el-estudio\/","og_locale":"ca_ES","og_type":"article","og_title":"EL ESTUDIO - La Palma 6","og_description":"BIENVENIDOS A MI ESTUDIO El estudio de La Palma 6 est\u00e1 situado en el centro de Lleida, a 2 min. andando del Zara y con la opci\u00f3n de aparcar en el parking de Blondel o en el parking de la cl\u00ednica Montserrat, ambos a 2-4 minutos andando hasta el estudio. CORREO info@lapalma6.com TEL\u00c9FONO 611684022 DIRECCI\u00d3N [&hellip;]","og_url":"https:\/\/www.lapalma6.com\/ca\/el-estudio\/","og_site_name":"La Palma 6","article_modified_time":"2025-02-12T23:16:06+00:00","twitter_card":"summary_large_image","twitter_misc":{"Est. reading time":"1 minut"},"schema":{"@context":"https:\/\/schema.org","@graph":[{"@type":"WebPage","@id":"https:\/\/www.lapalma6.com\/el-estudio\/","url":"https:\/\/www.lapalma6.com\/el-estudio\/","name":"EL ESTUDIO - La Palma 6","isPartOf":{"@id":"https:\/\/www.lapalma6.com\/#website"},"datePublished":"2019-05-07T14:46:11+00:00","dateModified":"2025-02-12T23:16:06+00:00","breadcrumb":{"@id":"https:\/\/www.lapalma6.com\/el-estudio\/#breadcrumb"},"inLanguage":"ca","potentialAction":[{"@type":"ReadAction","target":["https:\/\/www.lapalma6.com\/el-estudio\/"]}]},{"@type":"BreadcrumbList","@id":"https:\/\/www.lapalma6.com\/el-estudio\/#breadcrumb","itemListElement":[{"@type":"ListItem","position":1,"name":"Portada","item":"https:\/\/www.lapalma6.com\/"},{"@type":"ListItem","position":2,"name":"EL ESTUDIO"}]},{"@type":"WebSite","@id":"https:\/\/www.lapalma6.com\/#website","url":"https:\/\/www.lapalma6.com\/","name":"La Palma 6","description":"Fotograf&iacute;a de beb&eacute;s y familia en Lleida","publisher":{"@id":"https:\/\/www.lapalma6.com\/#organization"},"potentialAction":[{"@type":"SearchAction","target":{"@type":"EntryPoint","urlTemplate":"https:\/\/www.lapalma6.com\/?s={search_term_string}"},"query-input":{"@type":"PropertyValueSpecification","valueRequired":true,"valueName":"search_term_string"}}],"inLanguage":"ca"},{"@type":"Organization","@id":"https:\/\/www.lapalma6.com\/#organization","name":"La Palma 6","url":"https:\/\/www.lapalma6.com\/","logo":{"@type":"ImageObject","inLanguage":"ca","@id":"https:\/\/www.lapalma6.com\/#\/schema\/logo\/image\/","url":"https:\/\/www.lapalma6.com\/wp-content\/uploads\/2019\/07\/veefqvfev.png","contentUrl":"https:\/\/www.lapalma6.com\/wp-content\/uploads\/2019\/07\/veefqvfev.png","width":1000,"height":1000,"caption":"La Palma 6 "},"image":{"@id":"https:\/\/www.lapalma6.com\/#\/schema\/logo\/image\/"}}]}},"_links":{"self":[{"href":"https:\/\/www.lapalma6.com\/ca\/wp-json\/wp\/v2\/pages\/1371","targetHints":{"allow":["GET"]}}],"collection":[{"href":"https:\/\/www.lapalma6.com\/ca\/wp-json\/wp\/v2\/pages"}],"about":[{"href":"https:\/\/www.lapalma6.com\/ca\/wp-json\/wp\/v2\/types\/page"}],"author":[{"embeddable":true,"href":"https:\/\/www.lapalma6.com\/ca\/wp-json\/wp\/v2\/users\/1"}],"replies":[{"embeddable":true,"href":"https:\/\/www.lapalma6.com\/ca\/wp-json\/wp\/v2\/comments?post=1371"}],"version-history":[{"count":64,"href":"https:\/\/www.lapalma6.com\/ca\/wp-json\/wp\/v2\/pages\/1371\/revisions"}],"predecessor-version":[{"id":3124,"href":"https:\/\/www.lapalma6.com\/ca\/wp-json\/wp\/v2\/pages\/1371\/revisions\/3124"}],"wp:attachment":[{"href":"https:\/\/www.lapalma6.com\/ca\/wp-json\/wp\/v2\/media?parent=1371"}],"curies":[{"name":"wp","href":"https:\/\/api.w.org\/{rel}","templated":true}]}}