{"id":1363,"date":"2019-05-07T14:44:38","date_gmt":"2019-05-07T14:44:38","guid":{"rendered":"https:\/\/www.lapalma6.com\/?page_id=1363"},"modified":"2026-04-25T22:30:29","modified_gmt":"2026-04-25T22:30:29","slug":"servicios","status":"publish","type":"page","link":"https:\/\/www.lapalma6.com\/ca\/servicios\/","title":{"rendered":"SERVICIOS"},"content":{"rendered":"<div data-elementor-type=\"wp-page\" data-elementor-id=\"1363\" class=\"elementor elementor-1363\" data-elementor-post-type=\"page\">\n\t\t\t\t<div class=\"elementor-element elementor-element-62e8a210 e-con-full e-flex e-con e-parent\" data-id=\"62e8a210\" data-element_type=\"container\" data-e-type=\"container\" data-settings=\"{&quot;background_background&quot;:&quot;classic&quot;}\">\n\t\t\t\t<\/div>\n\t\t\t\t<\/div>","protected":false},"excerpt":{"rendered":"<p>\u2070\u00b9 SESI\u00d3N DE EMBARAZO SESI\u00d3N DE RECI\u00c9N NACIDO \u2070\u00b2 \u2070\u00b3 REPORTAJE DE BAUTIZO SESI\u00d3N DE BEB\u00c9 \u2070\u2074 \u2070\u2075 SESI\u00d3N DE 6-8 MESES SESI\u00d3N DE ANIVERSARIO \u2070\u2076 \u2070\u2077 SESI\u00d3N DE COMUNI\u00d3N SESI\u00d3N DE FAMILIA \u2070\u2078<\/p>","protected":false},"author":1,"featured_media":0,"parent":0,"menu_order":0,"comment_status":"closed","ping_status":"closed","template":"","meta":{"footnotes":""},"class_list":["post-1363","page","type-page","status-publish","hentry"],"yoast_head":"<!-- This site is optimized with the Yoast SEO plugin v27.5 - https:\/\/yoast.com\/product\/yoast-seo-wordpress\/ -->\n<title>SERVICIOS - La Palma 6<\/title>\n<meta name=\"robots\" content=\"index, follow, max-snippet:-1, max-image-preview:large, max-video-preview:-1\" \/>\n<link rel=\"canonical\" href=\"https:\/\/www.lapalma6.com\/ca\/servicios\/\" \/>\n<meta property=\"og:locale\" content=\"ca_ES\" \/>\n<meta property=\"og:type\" content=\"article\" \/>\n<meta property=\"og:title\" content=\"SERVICIOS - La Palma 6\" \/>\n<meta property=\"og:description\" content=\"\u2070\u00b9 SESI\u00d3N DE EMBARAZO SESI\u00d3N DE RECI\u00c9N NACIDO \u2070\u00b2 \u2070\u00b3 REPORTAJE DE BAUTIZO SESI\u00d3N DE BEB\u00c9 \u2070\u2074 \u2070\u2075 SESI\u00d3N DE 6-8 MESES SESI\u00d3N DE ANIVERSARIO \u2070\u2076 \u2070\u2077 SESI\u00d3N DE COMUNI\u00d3N SESI\u00d3N DE FAMILIA \u2070\u2078\" \/>\n<meta property=\"og:url\" content=\"https:\/\/www.lapalma6.com\/ca\/servicios\/\" \/>\n<meta property=\"og:site_name\" content=\"La Palma 6\" \/>\n<meta property=\"article:modified_time\" content=\"2026-04-25T22:30:29+00:00\" \/>\n<meta name=\"twitter:card\" content=\"summary_large_image\" \/>\n<meta name=\"twitter:label1\" content=\"Est. reading time\" \/>\n\t<meta name=\"twitter:data1\" content=\"1 minut\" \/>\n<script type=\"application\/ld+json\" class=\"yoast-schema-graph\">{\"@context\":\"https:\\\/\\\/schema.org\",\"@graph\":[{\"@type\":\"WebPage\",\"@id\":\"https:\\\/\\\/www.lapalma6.com\\\/servicios\\\/\",\"url\":\"https:\\\/\\\/www.lapalma6.com\\\/servicios\\\/\",\"name\":\"SERVICIOS - La Palma 6\",\"isPartOf\":{\"@id\":\"https:\\\/\\\/www.lapalma6.com\\\/#website\"},\"datePublished\":\"2019-05-07T14:44:38+00:00\",\"dateModified\":\"2026-04-25T22:30:29+00:00\",\"breadcrumb\":{\"@id\":\"https:\\\/\\\/www.lapalma6.com\\\/servicios\\\/#breadcrumb\"},\"inLanguage\":\"ca\",\"potentialAction\":[{\"@type\":\"ReadAction\",\"target\":[\"https:\\\/\\\/www.lapalma6.com\\\/servicios\\\/\"]}]},{\"@type\":\"BreadcrumbList\",\"@id\":\"https:\\\/\\\/www.lapalma6.com\\\/servicios\\\/#breadcrumb\",\"itemListElement\":[{\"@type\":\"ListItem\",\"position\":1,\"name\":\"Portada\",\"item\":\"https:\\\/\\\/www.lapalma6.com\\\/\"},{\"@type\":\"ListItem\",\"position\":2,\"name\":\"SERVICIOS\"}]},{\"@type\":\"WebSite\",\"@id\":\"https:\\\/\\\/www.lapalma6.com\\\/#website\",\"url\":\"https:\\\/\\\/www.lapalma6.com\\\/\",\"name\":\"La Palma 6\",\"description\":\"Fotograf&iacute;a de beb&eacute;s y familia en Lleida\",\"publisher\":{\"@id\":\"https:\\\/\\\/www.lapalma6.com\\\/#organization\"},\"potentialAction\":[{\"@type\":\"SearchAction\",\"target\":{\"@type\":\"EntryPoint\",\"urlTemplate\":\"https:\\\/\\\/www.lapalma6.com\\\/?s={search_term_string}\"},\"query-input\":{\"@type\":\"PropertyValueSpecification\",\"valueRequired\":true,\"valueName\":\"search_term_string\"}}],\"inLanguage\":\"ca\"},{\"@type\":\"Organization\",\"@id\":\"https:\\\/\\\/www.lapalma6.com\\\/#organization\",\"name\":\"La Palma 6\",\"url\":\"https:\\\/\\\/www.lapalma6.com\\\/\",\"logo\":{\"@type\":\"ImageObject\",\"inLanguage\":\"ca\",\"@id\":\"https:\\\/\\\/www.lapalma6.com\\\/#\\\/schema\\\/logo\\\/image\\\/\",\"url\":\"https:\\\/\\\/www.lapalma6.com\\\/wp-content\\\/uploads\\\/2019\\\/07\\\/veefqvfev.png\",\"contentUrl\":\"https:\\\/\\\/www.lapalma6.com\\\/wp-content\\\/uploads\\\/2019\\\/07\\\/veefqvfev.png\",\"width\":1000,\"height\":1000,\"caption\":\"La Palma 6 \"},\"image\":{\"@id\":\"https:\\\/\\\/www.lapalma6.com\\\/#\\\/schema\\\/logo\\\/image\\\/\"}}]}<\/script>\n<!-- \/ Yoast SEO plugin. -->","yoast_head_json":{"title":"SERVICIOS - La Palma 6","robots":{"index":"index","follow":"follow","max-snippet":"max-snippet:-1","max-image-preview":"max-image-preview:large","max-video-preview":"max-video-preview:-1"},"canonical":"https:\/\/www.lapalma6.com\/ca\/servicios\/","og_locale":"ca_ES","og_type":"article","og_title":"SERVICIOS - La Palma 6","og_description":"\u2070\u00b9 SESI\u00d3N DE EMBARAZO SESI\u00d3N DE RECI\u00c9N NACIDO \u2070\u00b2 \u2070\u00b3 REPORTAJE DE BAUTIZO SESI\u00d3N DE BEB\u00c9 \u2070\u2074 \u2070\u2075 SESI\u00d3N DE 6-8 MESES SESI\u00d3N DE ANIVERSARIO \u2070\u2076 \u2070\u2077 SESI\u00d3N DE COMUNI\u00d3N SESI\u00d3N DE FAMILIA \u2070\u2078","og_url":"https:\/\/www.lapalma6.com\/ca\/servicios\/","og_site_name":"La Palma 6","article_modified_time":"2026-04-25T22:30:29+00:00","twitter_card":"summary_large_image","twitter_misc":{"Est. reading time":"1 minut"},"schema":{"@context":"https:\/\/schema.org","@graph":[{"@type":"WebPage","@id":"https:\/\/www.lapalma6.com\/servicios\/","url":"https:\/\/www.lapalma6.com\/servicios\/","name":"SERVICIOS - La Palma 6","isPartOf":{"@id":"https:\/\/www.lapalma6.com\/#website"},"datePublished":"2019-05-07T14:44:38+00:00","dateModified":"2026-04-25T22:30:29+00:00","breadcrumb":{"@id":"https:\/\/www.lapalma6.com\/servicios\/#breadcrumb"},"inLanguage":"ca","potentialAction":[{"@type":"ReadAction","target":["https:\/\/www.lapalma6.com\/servicios\/"]}]},{"@type":"BreadcrumbList","@id":"https:\/\/www.lapalma6.com\/servicios\/#breadcrumb","itemListElement":[{"@type":"ListItem","position":1,"name":"Portada","item":"https:\/\/www.lapalma6.com\/"},{"@type":"ListItem","position":2,"name":"SERVICIOS"}]},{"@type":"WebSite","@id":"https:\/\/www.lapalma6.com\/#website","url":"https:\/\/www.lapalma6.com\/","name":"La Palma 6","description":"Fotograf&iacute;a de beb&eacute;s y familia en Lleida","publisher":{"@id":"https:\/\/www.lapalma6.com\/#organization"},"potentialAction":[{"@type":"SearchAction","target":{"@type":"EntryPoint","urlTemplate":"https:\/\/www.lapalma6.com\/?s={search_term_string}"},"query-input":{"@type":"PropertyValueSpecification","valueRequired":true,"valueName":"search_term_string"}}],"inLanguage":"ca"},{"@type":"Organization","@id":"https:\/\/www.lapalma6.com\/#organization","name":"La Palma 6","url":"https:\/\/www.lapalma6.com\/","logo":{"@type":"ImageObject","inLanguage":"ca","@id":"https:\/\/www.lapalma6.com\/#\/schema\/logo\/image\/","url":"https:\/\/www.lapalma6.com\/wp-content\/uploads\/2019\/07\/veefqvfev.png","contentUrl":"https:\/\/www.lapalma6.com\/wp-content\/uploads\/2019\/07\/veefqvfev.png","width":1000,"height":1000,"caption":"La Palma 6 "},"image":{"@id":"https:\/\/www.lapalma6.com\/#\/schema\/logo\/image\/"}}]}},"_links":{"self":[{"href":"https:\/\/www.lapalma6.com\/ca\/wp-json\/wp\/v2\/pages\/1363","targetHints":{"allow":["GET"]}}],"collection":[{"href":"https:\/\/www.lapalma6.com\/ca\/wp-json\/wp\/v2\/pages"}],"about":[{"href":"https:\/\/www.lapalma6.com\/ca\/wp-json\/wp\/v2\/types\/page"}],"author":[{"embeddable":true,"href":"https:\/\/www.lapalma6.com\/ca\/wp-json\/wp\/v2\/users\/1"}],"replies":[{"embeddable":true,"href":"https:\/\/www.lapalma6.com\/ca\/wp-json\/wp\/v2\/comments?post=1363"}],"version-history":[{"count":300,"href":"https:\/\/www.lapalma6.com\/ca\/wp-json\/wp\/v2\/pages\/1363\/revisions"}],"predecessor-version":[{"id":3837,"href":"https:\/\/www.lapalma6.com\/ca\/wp-json\/wp\/v2\/pages\/1363\/revisions\/3837"}],"wp:attachment":[{"href":"https:\/\/www.lapalma6.com\/ca\/wp-json\/wp\/v2\/media?parent=1363"}],"curies":[{"name":"wp","href":"https:\/\/api.w.org\/{rel}","templated":true}]}}